{"id":2512,"date":"2015-02-04T00:32:45","date_gmt":"2015-02-04T00:32:45","guid":{"rendered":"https:\/\/themify.me\/demo\/themes\/landing\/?page_id=2512"},"modified":"2022-08-16T13:41:26","modified_gmt":"2022-08-16T11:41:26","slug":"landing-demos","status":"publish","type":"page","link":"https:\/\/grauf.de\/","title":{"rendered":"Home"},"content":{"rendered":"<p><\/p>\n<!--themify_builder_content-->\n<div id=\"themify_builder_content-2512\" data-postid=\"2512\" class=\"themify_builder_content themify_builder_content-2512 themify_builder tf_clear\">\n    \t<!-- module_row -->\n\t<div  data-lazy=\"1\" class=\"module_row themify_builder_row builder-parallax-scrolling fullheight tb_067p149 tb_first tf_clearfix\" >\n\t    \t    <div class=\"tf_hide row-slider tb_slider\" data-bgmode=\"fullcover\" data-sliderspeed=\"2000\">\n\t        <ul class=\"tf_abs row-slider-slides tf_clearfix\">\n\t\t    \t\t\t<li data-bg=\"https:\/\/grauf.de\/wp-content\/uploads\/2016\/07\/lifestyle-20-1-1024x684.jpg\" data-bg-alt=\"\" class=\"normal\">\n\t\t\t    <a class=\"row-slider-dot\" data-index=\"0\" href=\"javascript:void(0)\" rel=\"nofollow\" tabindex=\"0\" role=\"button\" aria-label=\"Go to slide\"><span class=\"screen-reader-text\">&bull;<\/span><\/a>\n\t\t\t<\/li>\n\t\t\t\t\t\t<li data-bg=\"https:\/\/grauf.de\/wp-content\/uploads\/2016\/07\/lifestyle-2-1024x684.jpg\" data-bg-alt=\"\" class=\"normal\">\n\t\t\t    <a class=\"row-slider-dot\" data-index=\"1\" href=\"javascript:void(0)\" rel=\"nofollow\" tabindex=\"0\" role=\"button\" aria-label=\"Go to slide\"><span class=\"screen-reader-text\">&bull;<\/span><\/a>\n\t\t\t<\/li>\n\t\t\t\t\t\t<li data-bg=\"https:\/\/grauf.de\/wp-content\/uploads\/2016\/07\/lifestyle-27-1024x684.jpg\" data-bg-alt=\"\" class=\"normal\">\n\t\t\t    <a class=\"row-slider-dot\" data-index=\"2\" href=\"javascript:void(0)\" rel=\"nofollow\" tabindex=\"0\" role=\"button\" aria-label=\"Go to slide\"><span class=\"screen-reader-text\">&bull;<\/span><\/a>\n\t\t\t<\/li>\n\t\t\t\t\t\t<li data-bg=\"https:\/\/grauf.de\/wp-content\/uploads\/2016\/07\/lifestyle-17-1024x684.jpg\" data-bg-alt=\"\" class=\"normal\">\n\t\t\t    <a class=\"row-slider-dot\" data-index=\"3\" href=\"javascript:void(0)\" rel=\"nofollow\" tabindex=\"0\" role=\"button\" aria-label=\"Go to slide\"><span class=\"screen-reader-text\">&bull;<\/span><\/a>\n\t\t\t<\/li>\n\t\t\t\t        <\/ul>\n\t        <div class=\"row-slider-nav tf_abs_t tf_w\">\n\t    \t<a class=\"row-slider-arrow row-slider-prev tf_hidden tf_abs_t\" href=\"javascript:void(0)\" rel=\"nofollow\" tabindex=\"0\" role=\"button\" aria-label=\"Previous slide\"><\/a>\n\t    \t<a class=\"row-slider-arrow row-slider-next tf_hidden tf_abs_t\" href=\"javascript:void(0)\" rel=\"nofollow\" tabindex=\"0\" role=\"button\" aria-label=\"Next slide\"><\/a>\n\t        <\/div>\n\t    <\/div>\n\t    <!-- \/.row-bgs -->\n\t    \t\t<div class=\"row_inner col_align_top col-count-1 tf_box tf_w tf_rel\">\n\t\t\t<div  data-lazy=\"1\" class=\"module_column tb-column col-full first tb_2cbp991 tf_box\">\n\t\t\t    \t        <div class=\"tb-column-inner tf_box tf_w\">\n\t\t    <!-- module buttons -->\n<div  class=\"module module-buttons tb_a6kc40 buttons-horizontal solid  large squared tf_textc\" data-lazy=\"1\">\n    \t<div class=\"module-buttons-item tf_inline_b\">\n\t\t\t\t\t\t\t<a href=\"https:\/\/www.gesundheitsstudio-lifestyle.de\" class=\"ui builder_button tb_default_color\" >\n\t\t\t\t\t\t\t\t\t\t\t<span class=\"tf_inline_b tf_vmiddle\">Gesundheitsstudio Lifestyle<\/span>\n\t\t\t\t\t\t\t\t\t\t\t<\/a>\n\t\t\t    \t<\/div>\n\t    \t<div class=\"module-buttons-item tf_inline_b\">\n\t\t\t\t\t\t\t<a href=\"https:\/\/www.cross-fabrik.de\" class=\"ui builder_button tb_default_color\" >\n\t\t\t\t\t\t\t\t\t\t\t<span class=\"tf_inline_b tf_vmiddle\">Crossfabrik<\/span>\n\t\t\t\t\t\t\t\t\t\t\t<\/a>\n\t\t\t    \t<\/div>\n\t    \t<div class=\"module-buttons-item tf_inline_b\">\n\t\t\t\t\t\t\t<a href=\"https:\/\/biomarix.com\/\" class=\"ui builder_button tb_default_color\" >\n\t\t\t\t\t\t\t\t\t\t\t<span class=\"tf_inline_b tf_vmiddle\">Biomarix<\/span>\n\t\t\t\t\t\t\t\t\t\t\t<\/a>\n\t\t\t    \t<\/div>\n\t<\/div>\n<!-- \/module buttons -->\n\t        <\/div>\n\t    \t<\/div>\n\t\t    <\/div>\n\t    <!-- \/row_inner -->\n\t<\/div>\n\t<!-- \/module_row -->\n\t\t<!-- module_row -->\n\t<div  data-lazy=\"1\" class=\"module_row themify_builder_row tb_e8t0221 tf_clearfix wow\" data-tf-animation=\"bounceIn\" >\n\t    <div class=\"builder_row_cover tf_abs\"><\/div>\t\t<div class=\"row_inner col_align_top col-count-1 tf_box tf_w tf_rel\">\n\t\t\t<div  data-lazy=\"1\" class=\"module_column tb-column col-full first tb_1gzl014 tf_box\">\n\t\t\t    \t        <div class=\"tb-column-inner tf_box tf_w\">\n\t\t    <!-- module widgetized -->\n<div  class=\"module module-widgetized tb_jwi5606  \" data-lazy=\"1\">\n    <div id=\"text-2\" class=\"widget widget_text\"><h4 class=\"widgettitle\">Impressum:<\/h4>\t\t\t<div class=\"textwidget\"><p>Gesundheitsstudio LIFEstyle<br \/>\nSteiner Weg 37 | 90449 N\u00fcrnberg<\/p>\n<p>Tel. 0911-67 34 55 | Fax 0911-68 60 27<\/p>\n<p>Inhaber:<br \/>\nRaymond Grauf - Dipl.Sportmanager<\/p>\n<p>USt.ID:  DE 250413484<br \/>\nSteuer Nr.:  240\/222\/12008<br \/>\nFinanzamt N\u00fcrnberg<\/p>\n<p>DATENSCHUTZERKL\u00c4RUNG:<br \/>\n1. DATENSCHUTZ AUF EINEN BLICK<br \/>\nALLGEMEINE HINWEISE<br \/>\nDie folgenden Hinweise geben einen einfachen \u00dcberblick dar\u00fcber, was mit Ihren personenbezogenen Daten passiert, wenn Sie unsere Website besuchen. Personenbezogene Daten sind alle Daten, mit denen Sie pers\u00f6nlich identifiziert werden k\u00f6nnen. Ausf\u00fchrliche Informationen zum Thema Datenschutz entnehmen Sie unserer unter diesem Text aufgef\u00fchrten Datenschutzerkl\u00e4rung.<\/p>\n<p>2. ALLGEMEINE HINWEISE UND PFLICHTINFORMATIONEN<br \/>\nDATENSCHUTZ<br \/>\nDie Betreiber dieser Seiten nehmen den Schutz Ihrer pers\u00f6nlichen Daten sehr ernst. Wir behandeln Ihre personenbezogenen Daten vertraulich und entsprechend der gesetzlichen Datenschutzvorschriften sowie dieser Datenschutzerkl\u00e4rung.<\/p>\n<p>Wenn Sie diese Website benutzen, werden verschiedene personenbezogene Daten erhoben. Personenbezogene Daten sind Daten, mit denen Sie pers\u00f6nlich identifiziert werden k\u00f6nnen. Die vorliegende Datenschutzerkl\u00e4rung erl\u00e4utert, welche Daten wir erheben und wof\u00fcr wir sie nutzen. Sie erl\u00e4utert auch, wie und zu welchem Zweck das geschieht.<\/p>\n<p>Wir weisen darauf hin, dass die Daten\u00fcbertragung im Internet (z.B. bei der Kommunikation per E-Mail) Sicherheitsl\u00fccken aufweisen kann. Ein l\u00fcckenloser Schutz der Daten vor dem Zugriff durch Dritte ist nicht m\u00f6glich.<\/p>\n<p>WIDERRUF IHRER EINWILLIGUNG ZUR DATENVERARBEITUNG<br \/>\nViele Datenverarbeitungsvorg\u00e4nge sind nur mit Ihrer ausdr\u00fccklichen Einwilligung m\u00f6glich. Sie k\u00f6nnen eine bereits erteilte Einwilligung jederzeit widerrufen. Dazu reicht eine formlose Mitteilung per E-Mail an uns. Die Rechtm\u00e4\u00dfigkeit der bis zum Widerruf erfolgten Datenverarbeitung bleibt vom Widerruf unber\u00fchrt.<\/p>\n<p>RECHT AUF DATEN\u00dcBERTRAGBARKEIT<br \/>\nSie haben das Recht, Daten, die wir auf Grundlage Ihrer Einwilligung oder in Erf\u00fcllung eines Vertrags automatisiert verarbeiten, an sich oder an einen Dritten in einem g\u00e4ngigen, maschinenlesbaren Format aush\u00e4ndigen zu lassen. Sofern Sie die direkte \u00dcbertragung der Daten an einen anderen Verantwortlichen verlangen, erfolgt dies nur, soweit es technisch machbar ist.<\/p>\n<p>SSL- BZW. TLS-VERSCHL\u00dcSSELUNG<br \/>\nDiese Seite nutzt aus Sicherheitsgr\u00fcnden und zum Schutz der \u00dcbertragung vertraulicher Inhalte, wie zum Beispiel Bestellungen oder Anfragen, die Sie an uns als Seitenbetreiber senden, eine SSL-bzw. TLS-Verschl\u00fcsselung. Eine verschl\u00fcsselte Verbindung erkennen Sie daran, dass die Adresszeile des Browsers von \"http:\/\/\" auf \"https:\/\/\" wechselt und an dem Schloss-Symbol in Ihrer Browserzeile.<\/p>\n<p>Wenn die SSL- bzw. TLS-Verschl\u00fcsselung aktiviert ist, k\u00f6nnen die Daten, die Sie an uns \u00fcbermitteln, nicht von Dritten mitgelesen werden.<\/p>\n<p>AUSKUNFT, SPERRUNG, L\u00d6SCHUNG<br \/>\nSie haben im Rahmen der geltenden gesetzlichen Bestimmungen jederzeit das Recht auf unentgeltliche Auskunft \u00fcber Ihre gespeicherten personenbezogenen Daten, deren Herkunft und Empf\u00e4nger und den Zweck der Datenverarbeitung und ggf. ein Recht auf Berichtigung, Sperrung oder L\u00f6schung dieser Daten. Hierzu sowie zu weiteren Fragen zum Thema personenbezogene Daten k\u00f6nnen Sie sich jederzeit unter der im Impressum angegebenen Adresse an uns wenden.<\/p>\n<p>3. DATENERFASSUNG AUF UNSERER WEBSITE<br \/>\nCOOKIES<br \/>\nDie Internetseiten verwenden teilweise so genannte Cookies. Cookies richten auf Ihrem Rechner keinen Schaden an und enthalten keine Viren. Cookies dienen dazu, unser Angebot nutzerfreundlicher, effektiver und sicherer zu machen. Cookies sind kleine Textdateien, die auf Ihrem Rechner abgelegt werden und die Ihr Browser speichert.<\/p>\n<p>Die meisten der von uns verwendeten Cookies sind so genannte \"Session-Cookies\". Sie werden nach Ende Ihres Besuchs automatisch gel\u00f6scht. Andere Cookies bleiben auf Ihrem Endger\u00e4t gespeichert bis Sie diese l\u00f6schen. Diese Cookies erm\u00f6glichen es uns, Ihren Browser beim n\u00e4chsten Besuch wiederzuerkennen.<\/p>\n<p>Sie k\u00f6nnen Ihren Browser so einstellen, dass Sie \u00fcber das Setzen von Cookies informiert werden und Cookies nur im Einzelfall erlauben, die Annahme von Cookies f\u00fcr bestimmte F\u00e4lle oder generell ausschlie\u00dfen sowie das automatische L\u00f6schen der Cookies beim Schlie\u00dfen des Browser aktivieren. Bei der Deaktivierung von Cookies kann die Funktionalit\u00e4t dieser Website eingeschr\u00e4nkt sein.<\/p>\n<p>Cookies, die zur Durchf\u00fchrung des elektronischen Kommunikationsvorgangs oder zur Bereitstellung bestimmter, von Ihnen erw\u00fcnschter Funktionen (z.B. Warenkorbfunktion) erforderlich sind, werden auf Grundlage von Art. 6 Abs. 1 lit. f DSGVO gespeichert. Der Websitebetreiber hat ein berechtigtes Interesse an der Speicherung von Cookies zur technisch fehlerfreien und optimierten Bereitstellung seiner Dienste. Soweit andere Cookies (z.B. Cookies zur Analyse Ihres Surfverhaltens) gespeichert werden, werden diese in dieser Datenschutzerkl\u00e4rung gesondert behandelt.<\/p>\n<p>SERVER-LOG-DATEIEN<br \/>\nDer Provider der Seiten erhebt und speichert automatisch Informationen in so genannten Server-Log-Dateien, die Ihr Browser automatisch an uns \u00fcbermittelt. Dies sind:<\/p>\n<p>Browsertyp und Browserversion<br \/>\nverwendetes Betriebssystem<br \/>\nReferrer URL<br \/>\nHostname des zugreifenden Rechners<br \/>\nUhrzeit der Serveranfrage<br \/>\nIP-Adresse<br \/>\nEine Zusammenf\u00fchrung dieser Daten mit anderen Datenquellen wird nicht vorgenommen.<\/p>\n<p>Grundlage f\u00fcr die Datenverarbeitung ist Art. 6 Abs. 1 lit. b DSGVO, der die Verarbeitung von Daten zur Erf\u00fcllung eines Vertrags oder vorvertraglicher Ma\u00dfnahmen gestattet.<\/p>\n<\/div>\n\t\t<\/div><\/div>\n<!-- \/module widgetized --><!-- module text -->\n<div  class=\"module module-text tb_9i6e295   \" data-lazy=\"1\">\n        <div  class=\"tb_text_wrap\">\n    <h1 style=\"text-align: center;\"><span style=\"color: #ffffff;\">Grauf.de<\/span><\/h1>\n<table border=\"0\" width=\"100%\" cellspacing=\"0\" cellpadding=\"5\">\n<tbody>\n<tr>\n<th scope=\"col\" width=\"25%\"><span style=\"text-align: center;\">[themify_button style=&#8220;xlarge red flat rect&#8220; link=&#8220;http:\/\/www.gesundheitsstudio-lifestyle.de&#8220; ]Gesundheitsstudio Lifestyle[\/themify_button]<\/span><\/th>\n<th scope=\"col\" width=\"25%\"><span style=\"text-align: center;\">[themify_button style=&#8220;xlarge red flat rect&#8220; link=&#8220;http:\/\/www.timetraining.de&#8220; ]Professional TIMETRAINING[\/themify_button]<\/span><\/th>\n<th scope=\"col\" width=\"25%\"><span style=\"text-align: center;\">[themify_button style=&#8220;xlarge red flat rect&#8220; link=&#8220;http:\/\/www.cross-fabrik.de&#8220; ]Functional Cross-Fabrik[\/themify_button]<\/span><\/th>\n<\/tr>\n<\/tbody>\n<\/table>\n    <\/div>\n<\/div>\n<!-- \/module text -->\t        <\/div>\n\t    \t<\/div>\n\t\t    <\/div>\n\t    <!-- \/row_inner -->\n\t<\/div>\n\t<!-- \/module_row -->\n\t<\/div>\n<!--\/themify_builder_content-->","protected":false},"excerpt":{"rendered":"<p>Gesundheitsstudio Lifestyle Crossfabrik Biomarix Impressum: Gesundheitsstudio LIFEstyle Steiner Weg 37 | 90449 N\u00fcrnberg Tel. 0911-67 34 55 | Fax 0911-68 60 27 Inhaber: Raymond Grauf &#8211; Dipl.Sportmanager USt.ID: DE 250413484 Steuer Nr.: 240\/222\/12008 Finanzamt N\u00fcrnberg DATENSCHUTZERKL\u00c4RUNG: 1. DATENSCHUTZ AUF EINEN BLICK ALLGEMEINE HINWEISE Die folgenden Hinweise geben einen einfachen \u00dcberblick dar\u00fcber, was mit Ihren personenbezogenen [&hellip;]<\/p>\n","protected":false},"author":6,"featured_media":0,"parent":0,"menu_order":0,"comment_status":"closed","ping_status":"closed","template":"","meta":{"footnotes":""},"class_list":["post-2512","page","type-page","status-publish","hentry","has-post-title","has-post-date","has-post-category","has-post-tag","has-post-comment","has-post-author",""],"builder_content":"<a href=\"https:\/\/www.gesundheitsstudio-lifestyle.de\" > Gesundheitsstudio Lifestyle <\/a> <a href=\"https:\/\/www.cross-fabrik.de\" > Crossfabrik <\/a> <a href=\"https:\/\/biomarix.com\/\" > Biomarix <\/a>\n<h4>Impressum:<\/h4> <p>Gesundheitsstudio LIFEstyle<br \/> Steiner Weg 37 | 90449 N\u00fcrnberg<\/p> <p>Tel. 0911-67 34 55 | Fax 0911-68 60 27<\/p> <p>Inhaber:<br \/> Raymond Grauf - Dipl.Sportmanager<\/p> <p>USt.ID: DE 250413484<br \/> Steuer Nr.: 240\/222\/12008<br \/> Finanzamt N\u00fcrnberg<\/p> <p>DATENSCHUTZERKL\u00c4RUNG:<br \/> 1. DATENSCHUTZ AUF EINEN BLICK<br \/> ALLGEMEINE HINWEISE<br \/> Die folgenden Hinweise geben einen einfachen \u00dcberblick dar\u00fcber, was mit Ihren personenbezogenen Daten passiert, wenn Sie unsere Website besuchen. Personenbezogene Daten sind alle Daten, mit denen Sie pers\u00f6nlich identifiziert werden k\u00f6nnen. Ausf\u00fchrliche Informationen zum Thema Datenschutz entnehmen Sie unserer unter diesem Text aufgef\u00fchrten Datenschutzerkl\u00e4rung.<\/p> <p>2. ALLGEMEINE HINWEISE UND PFLICHTINFORMATIONEN<br \/> DATENSCHUTZ<br \/> Die Betreiber dieser Seiten nehmen den Schutz Ihrer pers\u00f6nlichen Daten sehr ernst. Wir behandeln Ihre personenbezogenen Daten vertraulich und entsprechend der gesetzlichen Datenschutzvorschriften sowie dieser Datenschutzerkl\u00e4rung.<\/p> <p>Wenn Sie diese Website benutzen, werden verschiedene personenbezogene Daten erhoben. Personenbezogene Daten sind Daten, mit denen Sie pers\u00f6nlich identifiziert werden k\u00f6nnen. Die vorliegende Datenschutzerkl\u00e4rung erl\u00e4utert, welche Daten wir erheben und wof\u00fcr wir sie nutzen. Sie erl\u00e4utert auch, wie und zu welchem Zweck das geschieht.<\/p> <p>Wir weisen darauf hin, dass die Daten\u00fcbertragung im Internet (z.B. bei der Kommunikation per E-Mail) Sicherheitsl\u00fccken aufweisen kann. Ein l\u00fcckenloser Schutz der Daten vor dem Zugriff durch Dritte ist nicht m\u00f6glich.<\/p> <p>WIDERRUF IHRER EINWILLIGUNG ZUR DATENVERARBEITUNG<br \/> Viele Datenverarbeitungsvorg\u00e4nge sind nur mit Ihrer ausdr\u00fccklichen Einwilligung m\u00f6glich. Sie k\u00f6nnen eine bereits erteilte Einwilligung jederzeit widerrufen. Dazu reicht eine formlose Mitteilung per E-Mail an uns. Die Rechtm\u00e4\u00dfigkeit der bis zum Widerruf erfolgten Datenverarbeitung bleibt vom Widerruf unber\u00fchrt.<\/p> <p>RECHT AUF DATEN\u00dcBERTRAGBARKEIT<br \/> Sie haben das Recht, Daten, die wir auf Grundlage Ihrer Einwilligung oder in Erf\u00fcllung eines Vertrags automatisiert verarbeiten, an sich oder an einen Dritten in einem g\u00e4ngigen, maschinenlesbaren Format aush\u00e4ndigen zu lassen. Sofern Sie die direkte \u00dcbertragung der Daten an einen anderen Verantwortlichen verlangen, erfolgt dies nur, soweit es technisch machbar ist.<\/p> <p>SSL- BZW. TLS-VERSCHL\u00dcSSELUNG<br \/> Diese Seite nutzt aus Sicherheitsgr\u00fcnden und zum Schutz der \u00dcbertragung vertraulicher Inhalte, wie zum Beispiel Bestellungen oder Anfragen, die Sie an uns als Seitenbetreiber senden, eine SSL-bzw. TLS-Verschl\u00fcsselung. Eine verschl\u00fcsselte Verbindung erkennen Sie daran, dass die Adresszeile des Browsers von \"http:\/\/\" auf \"https:\/\/\" wechselt und an dem Schloss-Symbol in Ihrer Browserzeile.<\/p> <p>Wenn die SSL- bzw. TLS-Verschl\u00fcsselung aktiviert ist, k\u00f6nnen die Daten, die Sie an uns \u00fcbermitteln, nicht von Dritten mitgelesen werden.<\/p> <p>AUSKUNFT, SPERRUNG, L\u00d6SCHUNG<br \/> Sie haben im Rahmen der geltenden gesetzlichen Bestimmungen jederzeit das Recht auf unentgeltliche Auskunft \u00fcber Ihre gespeicherten personenbezogenen Daten, deren Herkunft und Empf\u00e4nger und den Zweck der Datenverarbeitung und ggf. ein Recht auf Berichtigung, Sperrung oder L\u00f6schung dieser Daten. Hierzu sowie zu weiteren Fragen zum Thema personenbezogene Daten k\u00f6nnen Sie sich jederzeit unter der im Impressum angegebenen Adresse an uns wenden.<\/p> <p>3. DATENERFASSUNG AUF UNSERER WEBSITE<br \/> COOKIES<br \/> Die Internetseiten verwenden teilweise so genannte Cookies. Cookies richten auf Ihrem Rechner keinen Schaden an und enthalten keine Viren. Cookies dienen dazu, unser Angebot nutzerfreundlicher, effektiver und sicherer zu machen. Cookies sind kleine Textdateien, die auf Ihrem Rechner abgelegt werden und die Ihr Browser speichert.<\/p> <p>Die meisten der von uns verwendeten Cookies sind so genannte \"Session-Cookies\". Sie werden nach Ende Ihres Besuchs automatisch gel\u00f6scht. Andere Cookies bleiben auf Ihrem Endger\u00e4t gespeichert bis Sie diese l\u00f6schen. Diese Cookies erm\u00f6glichen es uns, Ihren Browser beim n\u00e4chsten Besuch wiederzuerkennen.<\/p> <p>Sie k\u00f6nnen Ihren Browser so einstellen, dass Sie \u00fcber das Setzen von Cookies informiert werden und Cookies nur im Einzelfall erlauben, die Annahme von Cookies f\u00fcr bestimmte F\u00e4lle oder generell ausschlie\u00dfen sowie das automatische L\u00f6schen der Cookies beim Schlie\u00dfen des Browser aktivieren. Bei der Deaktivierung von Cookies kann die Funktionalit\u00e4t dieser Website eingeschr\u00e4nkt sein.<\/p> <p>Cookies, die zur Durchf\u00fchrung des elektronischen Kommunikationsvorgangs oder zur Bereitstellung bestimmter, von Ihnen erw\u00fcnschter Funktionen (z.B. Warenkorbfunktion) erforderlich sind, werden auf Grundlage von Art. 6 Abs. 1 lit. f DSGVO gespeichert. Der Websitebetreiber hat ein berechtigtes Interesse an der Speicherung von Cookies zur technisch fehlerfreien und optimierten Bereitstellung seiner Dienste. Soweit andere Cookies (z.B. Cookies zur Analyse Ihres Surfverhaltens) gespeichert werden, werden diese in dieser Datenschutzerkl\u00e4rung gesondert behandelt.<\/p> <p>SERVER-LOG-DATEIEN<br \/> Der Provider der Seiten erhebt und speichert automatisch Informationen in so genannten Server-Log-Dateien, die Ihr Browser automatisch an uns \u00fcbermittelt. Dies sind:<\/p> <p>Browsertyp und Browserversion<br \/> verwendetes Betriebssystem<br \/> Referrer URL<br \/> Hostname des zugreifenden Rechners<br \/> Uhrzeit der Serveranfrage<br \/> IP-Adresse<br \/> Eine Zusammenf\u00fchrung dieser Daten mit anderen Datenquellen wird nicht vorgenommen.<\/p> <p>Grundlage f\u00fcr die Datenverarbeitung ist Art. 6 Abs. 1 lit. b DSGVO, der die Verarbeitung von Daten zur Erf\u00fcllung eines Vertrags oder vorvertraglicher Ma\u00dfnahmen gestattet.<\/p>\n<h1 style=\"text-align: center;\">Grauf.de<\/h1> <table border=\"0\" width=\"100%\" cellspacing=\"0\" cellpadding=\"5\"> <tbody> <tr> <th scope=\"col\" width=\"25%\">[themify_button style=\"xlarge red flat rect\" link=\"http:\/\/www.gesundheitsstudio-lifestyle.de\" ]Gesundheitsstudio Lifestyle[\/themify_button]<\/th> <th scope=\"col\" width=\"25%\">[themify_button style=\"xlarge red flat rect\" link=\"http:\/\/www.timetraining.de\" ]Professional TIMETRAINING[\/themify_button]<\/th> <th scope=\"col\" width=\"25%\">[themify_button style=\"xlarge red flat rect\" link=\"http:\/\/www.cross-fabrik.de\" ]Functional Cross-Fabrik[\/themify_button]<\/th> <\/tr> <\/tbody> <\/table>","_links":{"self":[{"href":"https:\/\/grauf.de\/index.php\/wp-json\/wp\/v2\/pages\/2512","targetHints":{"allow":["GET"]}}],"collection":[{"href":"https:\/\/grauf.de\/index.php\/wp-json\/wp\/v2\/pages"}],"about":[{"href":"https:\/\/grauf.de\/index.php\/wp-json\/wp\/v2\/types\/page"}],"author":[{"embeddable":true,"href":"https:\/\/grauf.de\/index.php\/wp-json\/wp\/v2\/users\/6"}],"replies":[{"embeddable":true,"href":"https:\/\/grauf.de\/index.php\/wp-json\/wp\/v2\/comments?post=2512"}],"version-history":[{"count":12,"href":"https:\/\/grauf.de\/index.php\/wp-json\/wp\/v2\/pages\/2512\/revisions"}],"predecessor-version":[{"id":4841,"href":"https:\/\/grauf.de\/index.php\/wp-json\/wp\/v2\/pages\/2512\/revisions\/4841"}],"wp:attachment":[{"href":"https:\/\/grauf.de\/index.php\/wp-json\/wp\/v2\/media?parent=2512"}],"curies":[{"name":"wp","href":"https:\/\/api.w.org\/{rel}","templated":true}]}}